{"id":53168,"date":"2021-12-16T14:39:34","date_gmt":"2021-12-16T13:39:34","guid":{"rendered":"https:\/\/www.alzola.com\/?page_id=53168"},"modified":"2025-03-03T12:10:18","modified_gmt":"2025-03-03T11:10:18","slug":"agua-mineral-natural","status":"publish","type":"page","link":"https:\/\/www.alzola.com\/es\/agua-mineral-natural\/","title":{"rendered":"Agua mineral natural"},"content":{"rendered":"<div class=\"wpb-content-wrapper\"><section data-vc-full-width=\"true\" data-vc-full-width-init=\"false\" data-vc-stretch-content=\"true\" class=\"vc_row wpb_row vc_row-fluid  vc_custom_1642686563077   fix-background bg-position-left-top vc_row-has-fill hongo-stretch-content hongo-stretch-content-fluid  hongo_responsive_1642686563079\"><div class=\"wpb_column vc_column_container col-xs-mobile-fullwidth vc_col-sm-12\"><div class=\"vc_column-inner fix-background bg-position-center-center\"><div class=\"wpb_wrapper\"><\/div><\/div><\/div><\/section><div class=\"vc_row-full-width vc_clearfix\"><\/div><section data-vc-full-width=\"true\" data-vc-full-width-init=\"false\" data-vc-stretch-content=\"true\" class=\"vc_row wpb_row vc_row-fluid  vc_custom_1642599829243   overflow-visible hongo-stretch-content hongo-stretch-content-fluid  hongo_responsive_1642599829244\"><div class=\"wpb_column vc_column_container col-xs-mobile-fullwidth vc_col-sm-12 vc_col-lg-offset-4 vc_col-lg-4 vc_col-md-offset-2 vc_col-md-8 wow fadeInDown text-center\" data-wow-delay= 150ms data-wow-duration= 1000ms><div class=\"vc_column-inner vc_custom_1642762696666\"><div class=\"wpb_wrapper\"><h1 class=\"alt-font md-display-inline-block sm-display-inline-block xs-display-inline-block heading-style-2 heading-1 hongo-section-heading hongo_font_1642762944391\">agua mineral natural<\/h1><\/div><\/div><\/div><\/section><div class=\"vc_row-full-width vc_clearfix\"><\/div><section data-vc-full-width=\"true\" data-vc-full-width-init=\"false\" data-vc-stretch-content=\"true\" class=\"vc_row wpb_row vc_row-fluid  vc_custom_1639736917643   hongo-stretch-content hongo-stretch-content-fluid vc_row-o-equal-height vc_row-o-content-middle vc_row-flex\"><div class=\"wpb_column vc_column_container col-xs-mobile-fullwidth vc_col-sm-12 vc_col-lg-offset-1 vc_col-lg-6\"><div class=\"vc_column-inner vc_custom_1643124589066  hongo_responsive_1643124589069\"><div class=\"wpb_wrapper\"><h2 class=\"alt-font display-block md-display-block sm-display-block xs-display-block heading-style-3 vc_custom_1643019821729 heading-2 hongo-section-heading hongo_font_1643019821728\">Balneario<\/h2><h3 class=\"alt-font display-block md-display-block sm-display-block xs-display-block heading-style-3 vc_custom_1642686828506 heading-3 hongo-section-heading hongo_font_1642686828505\">Aguas termo-alcalinas bicarbonatadas de Alzola<\/h3><div class=\"separator-style-1 vc_custom_1642686861009  hongo_responsive_1642686861010 separator-style1-1\"><\/div><div class=\"text-block-content hongo-text-block-1 last-paragraph-no-margin wow fadeInUp\"><p>La reputaci\u00f3n de las Aguas de Alzola data de los tiempos del <strong>Gran Hotel Balneario de Alzola<\/strong>, donde su fama justa y merecida era confirmada cada d\u00eda por la experiencia all\u00ed obtenida. <strong>Es un agua altamente diur\u00e9tica<\/strong>, no s\u00f3lo por la cantidad tomada, sino por el est\u00edmulo que sus componentes producen entre ri\u00f1\u00f3n y vejiga, <b>siendo este est\u00edmulo el verdadero protagonista<\/b> de la propiedad diur\u00e9tica del agua mineral natural de Alzola.<\/p>\n<\/div>[vc_empty_space height=\u00bb50px\u00bb][vc_gallery type=\u00bbimage_grid\u00bb images=\u00bb53232,53235,53238,53241,53554,53250,53247,53253,53256&#8243; img_size=\u00bb200&#215;124&#8243;]<\/div><\/div><\/div><div class=\"wpb_column vc_column_container vc_col-has-fill col-xs-mobile-fullwidth vc_col-sm-12 vc_col-lg-5 vc_col-md-5 wow fadeIn text-center\"><div class=\"vc_column-inner bg-position-center-center vc_custom_1642600989472  hongo_responsive_1642600989474\"><div class=\"wpb_wrapper\"><\/div><\/div><\/div><\/section><div class=\"vc_row-full-width vc_clearfix\"><\/div><section data-vc-full-width=\"true\" data-vc-full-width-init=\"false\" data-vc-stretch-content=\"true\" data-vc-parallax-image=\"0.5\" class=\"vc_row wpb_row vc_row-fluid  vc_custom_1639744318854   vc_row-has-fill hongo-stretch-content hongo-stretch-content-fluid parallax\"><div class=\"hongo-overlay\" style=\"opacity:0.7; background: #000000;\"><\/div><div class=\"wpb_column vc_column_container col-xs-mobile-fullwidth vc_col-sm-12 vc_col-lg-offset-5 vc_col-lg-6 vc_col-md-offset-3 vc_col-md-8\"><div class=\"vc_column-inner vc_custom_1642600888512  hongo_responsive_1642600888513\"><div class=\"wpb_wrapper\"><h2 class=\"alt-font display-block md-display-block sm-display-block xs-display-block heading-style-3 vc_custom_1642687095537 heading-4 hongo-section-heading hongo_font_1642687095537\">Caracter\u00edsticas y equilibrio<\/h2><h3 class=\"alt-font display-block md-display-block sm-display-block xs-display-block heading-style-3 vc_custom_1642687057944 heading-5 hongo-section-heading hongo_font_1642687057944\">Agua de mineralizaci\u00f3n d\u00e9bil perfectamente equilibrada<\/h3><div class=\"separator-style-1 vc_custom_1642687020606  hongo_responsive_1642687020608 separator-style1-2\"><\/div><div class=\"text-block-content hongo-text-block-2 last-paragraph-no-margin wow fadeInUp\"><p><span style=\"color: #ffffff;\">El Agua Mineral Natural de Alzola es un agua termal que <strong>aflora a una temperatura constante de 29\u00baC<\/strong>, sin cambio alguno a lo largo de los m\u00e1s de 200 a\u00f1os de historia del manantial. Esta termalidad se debe a la profundidad alcanzada en el subsuelo, alrededor de los 700 metros.<\/span><\/p>\n<\/div>[vc_empty_space height=\u00bb20px\u00bb]<div class=\"text-block-content hongo-text-block-3 last-paragraph-no-margin wow fadeInUp\"><p><span style=\"color: #ffffff;\">El Agua de Alzola posee <strong>un equilibrio mineral \u00fanico, no ha modificado su composici\u00f3n nunca<\/strong>, es un milagro natural de una calidad extraordinaria para nuestra salud. Posee un sabor propio caracter\u00edstico y un tacto untuoso y suave.<\/span><\/p>\n<\/div><a href=\"https:\/\/www.alzola.com\/wp-content\/uploads\/2025\/02\/ficha-tecnica-AGUA-ALZOLA-Rev-9.pdf\" target= \"_blank\" rel= \"nofollow\" class=\"hongo-button-1 vc_custom_1739608921123 btn btn-white alt-font btn-extra-large wow fadeInDown\"><i class=\"far fa-file-pdf left-icon\" aria-hidden=\"true\"><\/i>Ver ficha t\u00e9cnica<\/a><\/div><\/div><\/div><\/section><div class=\"vc_row-full-width vc_clearfix\"><\/div><section data-vc-full-width=\"true\" data-vc-full-width-init=\"false\" data-vc-stretch-content=\"true\" class=\"vc_row wpb_row vc_row-fluid natSostenibleGradient vc_custom_1639658865863   hongo-stretch-content hongo-stretch-content-fluid vc_row-o-equal-height vc_row-o-content-middle vc_row-flex\"><div class=\"wpb_column vc_column_container vc_col-has-fill col-xs-mobile-fullwidth vc_col-sm-12 vc_col-lg-6 wow fadeInLeft\"><div class=\"vc_column-inner vc_custom_1642601187559  hongo_responsive_1642601187561\"><div class=\"wpb_wrapper\"><h2 class=\"alt-font display-block md-display-block sm-display-block xs-display-block heading-style-3 vc_custom_1643019850900 heading-6 hongo-section-heading hongo_font_1643019850899\">Beneficios<\/h2><h3 class=\"alt-font display-block md-display-block sm-display-block xs-display-block heading-style-3 vc_custom_1642687142009 heading-7 hongo-section-heading hongo_font_1642687142008\">El agua mineral natural como fuente de vida y salud<\/h3><div class=\"separator-style-1 vc_custom_1642687152863  hongo_responsive_1642687152864 separator-style1-3\"><\/div><div class=\"text-block-content hongo-text-block-4 last-paragraph-no-margin wow fadeInUp\"><p><span style=\"color: #ffffff;\">Puede decirse que su \u201cverdadera especializaci\u00f3n\u201d <strong>son las afecciones de las v\u00edas urinarias y particularmente los c\u00f3licos nefr\u00edticos<\/strong>, altamente comprobados en los tiempos del Balneario de Alzola. Entre las cualidades de Alzola Basque Water est\u00e1 la de <strong>estimular las funciones digestivas<\/strong> debido a la concentraci\u00f3n espec\u00edfica de bicarbonatos, as\u00ed como una<strong> acci\u00f3n sedante<\/strong> derivada de su variedad lit\u00ednica.<\/span><\/p>\n<\/div>[vc_empty_space height=\u00bb20px\u00bb]<div class=\"text-block-content hongo-text-block-5 last-paragraph-no-margin wow fadeInUp\"><p><span style=\"color: #ffffff;\">Somos un 70% agua, una hidrataci\u00f3n adecuada resulta esencial para el buen funcionamiento de nuestro organismo.<\/span><\/p>\n<\/div><a href=\"https:\/\/www.alzola.com\/es\/15-razones-bebe-agua-de-alzola-basquewater\/\"  class=\"hongo-button-2 vc_custom_1642775129892 btn btn-white alt-font btn-extra-large wow fadeInDown\">M\u00e1s informaci\u00f3n<i class=\"fas fa-angle-right right-icon\" aria-hidden=\"true\"><\/i><\/a><\/div><\/div><\/div><div class=\"wpb_column vc_column_container vc_col-has-fill col-xs-mobile-fullwidth vc_col-sm-12 vc_col-lg-6 wow fadeInRight text-center\"><div class=\"vc_column-inner bg-position-center-center vc_custom_1642601339624  hongo_responsive_1642601339626\"><div class=\"wpb_wrapper\"><\/div><\/div><\/div><\/section><div class=\"vc_row-full-width vc_clearfix\"><\/div><section data-vc-full-width=\"true\" data-vc-full-width-init=\"false\" data-vc-stretch-content=\"true\" class=\"vc_row wpb_row vc_row-fluid  vc_custom_1639668436283   hongo-stretch-content hongo-stretch-content-fluid vc_row-o-equal-height vc_row-o-content-middle vc_row-flex\"><div class=\"wpb_column vc_column_container vc_col-has-fill col-xs-mobile-fullwidth vc_col-sm-12 vc_col-lg-offset-1 vc_col-lg-5 vc_col-md-offset-1 vc_col-md-5 wow fadeIn text-center\"><div class=\"vc_column-inner bg-position-center-center vc_custom_1639731777325\"><div class=\"wpb_wrapper\"><div class=\"vc_row wpb_row vc_inner vc_row-fluid\"><div class=\"wpb_column vc_column_container col-xs-mobile-fullwidth vc_col-sm-12\"><div class=\"vc_column-inner vc_custom_1639743034143\"><div class=\"wpb_wrapper\"><div class=\"wpb_single_image    hongo-full-width-single-image\">\n\t\t\t<figure class=\"wpb_wrapper vc_figure\">\n\t\t\t\t<a data-rel=\"prettyPhoto[rel-53168-1203235120]\" href=\"https:\/\/www.alzola.com\/wp-content\/uploads\/2021\/12\/alzola_receta.jpg\" class=\"vc_single_image-wrapper   prettyphoto\"><img loading=\"lazy\" decoding=\"async\" width=\"900\" height=\"437\" src=\"https:\/\/www.alzola.com\/wp-content\/uploads\/2021\/12\/alzola_receta.jpg\" class=\"vc_single_image-img attachment-full\" alt=\"Aguas de Alzola\" title=\"Aguas de Alzola\" srcset=\"https:\/\/www.alzola.com\/wp-content\/uploads\/2021\/12\/alzola_receta.jpg 900w, https:\/\/www.alzola.com\/wp-content\/uploads\/2021\/12\/alzola_receta-300x146.jpg 300w, https:\/\/www.alzola.com\/wp-content\/uploads\/2021\/12\/alzola_receta-768x373.jpg 768w, https:\/\/www.alzola.com\/wp-content\/uploads\/2021\/12\/alzola_receta-84x41.jpg 84w, https:\/\/www.alzola.com\/wp-content\/uploads\/2021\/12\/alzola_receta-200x97.jpg 200w, https:\/\/www.alzola.com\/wp-content\/uploads\/2021\/12\/alzola_receta-450x219.jpg 450w, https:\/\/www.alzola.com\/wp-content\/uploads\/2021\/12\/alzola_receta-360x175.jpg 360w, https:\/\/www.alzola.com\/wp-content\/uploads\/2021\/12\/alzola_receta-800x388.jpg 800w\" sizes=\"auto, (max-width: 900px) 100vw, 900px\" \/><\/a>\n\t\t\t<\/figure>\n\t\t\t\n\t\t<\/div><\/div><\/div><\/div><\/div><div class=\"vc_row wpb_row vc_inner vc_row-fluid   vc_row-o-equal-height vc_row-flex\"><div class=\"wpb_column vc_column_container col-xs-mobile-fullwidth vc_col-sm-8\"><div class=\"vc_column-inner vc_custom_1642679910652\"><div class=\"wpb_wrapper\"><div class=\"wpb_single_image    hongo-full-width-single-image\">\n\t\t\t<figure class=\"wpb_wrapper vc_figure\">\n\t\t\t\t<a data-rel=\"prettyPhoto[rel-53168-948376797]\" href=\"https:\/\/www.alzola.com\/wp-content\/uploads\/2024\/08\/Alzola-en-la-Exposicion-Universal-de-Paris-en-1900.png\" class=\"vc_single_image-wrapper   prettyphoto\"><img loading=\"lazy\" decoding=\"async\" width=\"800\" height=\"533\" src=\"https:\/\/www.alzola.com\/wp-content\/uploads\/2024\/08\/Alzola-en-la-Exposicion-Universal-de-Paris-en-1900.png\" class=\"vc_single_image-img attachment-full\" alt=\"Alzola en la Exposici\u00f3n Universal de Par\u00eds en 1900\" title=\"Alzola en la Exposici\u00f3n Universal de Par\u00eds en 1900\" srcset=\"https:\/\/www.alzola.com\/wp-content\/uploads\/2024\/08\/Alzola-en-la-Exposicion-Universal-de-Paris-en-1900.png 800w, https:\/\/www.alzola.com\/wp-content\/uploads\/2024\/08\/Alzola-en-la-Exposicion-Universal-de-Paris-en-1900-300x200.png 300w, https:\/\/www.alzola.com\/wp-content\/uploads\/2024\/08\/Alzola-en-la-Exposicion-Universal-de-Paris-en-1900-768x512.png 768w, https:\/\/www.alzola.com\/wp-content\/uploads\/2024\/08\/Alzola-en-la-Exposicion-Universal-de-Paris-en-1900-678x452.png 678w, https:\/\/www.alzola.com\/wp-content\/uploads\/2024\/08\/Alzola-en-la-Exposicion-Universal-de-Paris-en-1900-84x56.png 84w, https:\/\/www.alzola.com\/wp-content\/uploads\/2024\/08\/Alzola-en-la-Exposicion-Universal-de-Paris-en-1900-200x133.png 200w, https:\/\/www.alzola.com\/wp-content\/uploads\/2024\/08\/Alzola-en-la-Exposicion-Universal-de-Paris-en-1900-450x300.png 450w\" sizes=\"auto, (max-width: 800px) 100vw, 800px\" \/><\/a>\n\t\t\t<\/figure>\n\t\t\t\n\t\t<\/div><\/div><\/div><\/div><div class=\"wpb_column vc_column_container col-xs-mobile-fullwidth vc_col-sm-4\"><div class=\"vc_column-inner vc_custom_1642680089070\"><div class=\"wpb_wrapper\"><div class=\"wpb_single_image vc_align_center   hongo-full-width-single-image\">\n\t\t\t<figure class=\"wpb_wrapper vc_figure\">\n\t\t\t\t<a data-rel=\"prettyPhoto[rel-53168-1878495516]\" href=\"https:\/\/www.alzola.com\/wp-content\/uploads\/2021\/12\/alzola_premio_cata.jpg\" class=\"vc_single_image-wrapper   prettyphoto\"><img loading=\"lazy\" decoding=\"async\" width=\"617\" height=\"900\" src=\"https:\/\/www.alzola.com\/wp-content\/uploads\/2021\/12\/alzola_premio_cata.jpg\" class=\"vc_single_image-img attachment-full\" alt=\"Alzola 1 cata ciega internacional de aguas, primer premio\" title=\"Alzola 1 cata ciega internacional de aguas, primer premio\" srcset=\"https:\/\/www.alzola.com\/wp-content\/uploads\/2021\/12\/alzola_premio_cata.jpg 617w, https:\/\/www.alzola.com\/wp-content\/uploads\/2021\/12\/alzola_premio_cata-206x300.jpg 206w, https:\/\/www.alzola.com\/wp-content\/uploads\/2021\/12\/alzola_premio_cata-84x123.jpg 84w, https:\/\/www.alzola.com\/wp-content\/uploads\/2021\/12\/alzola_premio_cata-200x292.jpg 200w, https:\/\/www.alzola.com\/wp-content\/uploads\/2021\/12\/alzola_premio_cata-450x656.jpg 450w, https:\/\/www.alzola.com\/wp-content\/uploads\/2021\/12\/alzola_premio_cata-542x790.jpg 542w\" sizes=\"auto, (max-width: 617px) 100vw, 617px\" \/><\/a>\n\t\t\t<\/figure>\n\t\t\t\n\t\t<\/div><\/div><\/div><\/div><\/div><\/div><\/div><\/div><div class=\"wpb_column vc_column_container col-xs-mobile-fullwidth vc_col-sm-12 vc_col-lg-5 vc_col-md-5\"><div class=\"vc_column-inner vc_custom_1639733210532\"><div class=\"wpb_wrapper\"><div class=\"wpb_single_image\">\n\t\t\t<figure class=\"wpb_wrapper vc_figure\">\n\t\t\t\t<div class=\"vc_single_image-wrapper  \"><img decoding=\"async\" class=\"vc_single_image-img \" src=\"https:\/\/www.alzola.com\/wp-content\/uploads\/2021\/12\/galardones-150x125.png\" width=\"150\" height=\"125\" alt=\"Alzola, galardones\" title=\"Alzola, galardones\" loading=\"lazy\" \/><\/div>\n\t\t\t<\/figure>\n\t\t\t\n\t\t<\/div>[vc_empty_space height=\u00bb30px\u00bb]<h2 class=\"alt-font display-block md-display-block sm-display-block xs-display-block heading-style-3 vc_custom_1642687218691 heading-8 hongo-section-heading hongo_font_1642687218691\">Receta hist\u00f3rica y galardones<\/h2><h3 class=\"alt-font display-block md-display-block sm-display-block xs-display-block heading-style-3 vc_custom_1740650198492 heading-9 hongo-section-heading hongo_font_1740650198491\">Receta M\u00e9dica del Balneario<\/h3><div class=\"separator-style-1 vc_custom_1642687265816  hongo_responsive_1642687265817 separator-style1-4\"><\/div><div class=\"text-block-content hongo-text-block-6 last-paragraph-no-margin wow fadeInUp\"><p>Han sido numerosos los reconocimientos obtenidos por el Agua Mineral Natural de Alzola en cert\u00e1menes internacionales a lo largo de su historia, son recordadas las <strong>medallas de oro y plata otorgadas en la Exposici\u00f3n Universal de Par\u00eds de 1900<\/strong>, siempre como reconocimiento a sus propiedades minero-medicinales y los beneficios para la salud.<\/p>\n<p>A comienzos del siglo XXI, <strong>Alzola Basque Water fue ganadora de la I Cata Ciega Internacional <\/strong>\u201cAguas del Milenio\u201d celebrada en Bilbao en 2001, frente a las m\u00e1s prestigiosas marcas de aguas nacionales e internacionales.<\/p>\n<\/div><a href=\"https:\/\/www.alzola.com\/es\/historias-del-balneario-de-alzola\/\"  rel= \"nofollow\" class=\"hongo-button-3 vc_custom_1642775332867 btn btn-base alt-font btn-extra-large wow fadeInDown\">M\u00e1s informaci\u00f3n<i class=\"fas fa-angle-right right-icon\" aria-hidden=\"true\"><\/i><\/a><\/div><\/div><\/div><\/section><div class=\"vc_row-full-width vc_clearfix\"><\/div>\n<\/div>","protected":false},"excerpt":{"rendered":"agua mineral naturalBalnearioAguas termo-alcalinas bicarbonatadas de AlzolaLa reputaci\u00f3n de las Aguas de Alzola data de los tiempos del Gran Hotel Balneario de Alzola, donde su fama justa y merecida era confirmada cada d\u00eda por la experiencia all\u00ed obtenida. Es un agua altamente diur\u00e9tica, no s\u00f3lo por la cantidad tomada, sino por el est\u00edmulo que sus componentes producen entre ri\u00f1\u00f3n y vejiga, siendo este est\u00edmulo el verdadero protagonista de la propiedad diur\u00e9tica del agua mineral natural de Alzola. [vc_empty_space height=\"50px\"][vc_gallery type=\"image_grid\" images=\"53232,53235,53238,53241,53554,53250,53247,53253,53256\" img_size=\"200x124\"]Caracter\u00edsticas y equilibrioAgua de mineralizaci\u00f3n d\u00e9bil perfectamente equilibradaEl Agua Mineral Natural de Alzola es un agua termal que aflora a una temperatura constante de 29\u00baC, sin cambio alguno a lo largo de los m\u00e1s de 200 a\u00f1os de historia del manantial. Esta termalidad se debe a la profundidad alcanzada en el subsuelo, alrededor de los 700 metros. [vc_empty_space height=\"20px\"]El Agua de Alzola posee un equilibrio mineral \u00fanico, no ha modificado su composici\u00f3n nunca, es un milagro natural de una calidad extraordinaria para nuestra salud. Posee un sabor propio caracter\u00edstico y un tacto untuoso y suave. Ver ficha t\u00e9cnicaBeneficiosEl agua mineral natural como fuente de vida y saludPuede decirse que su \u201cverdadera especializaci\u00f3n\u201d son las afecciones de las v\u00edas urinarias...","protected":false},"author":2,"featured_media":0,"parent":0,"menu_order":0,"comment_status":"closed","ping_status":"closed","template":"","meta":{"om_disable_all_campaigns":false,"_monsterinsights_skip_tracking":false,"_monsterinsights_sitenote_active":false,"_monsterinsights_sitenote_note":"","_monsterinsights_sitenote_category":0,"footnotes":""},"class_list":["post-53168","page","type-page","status-publish","hentry"],"yoast_head":"<!-- This site is optimized with the Yoast SEO plugin v27.5 - https:\/\/yoast.com\/product\/yoast-seo-wordpress\/ -->\n<title>Agua mineral natural - Alzola Basque Water<\/title>\n<meta name=\"robots\" content=\"index, follow, max-snippet:-1, max-image-preview:large, max-video-preview:-1\" \/>\n<link rel=\"canonical\" href=\"https:\/\/www.alzola.com\/es\/agua-mineral-natural\/\" \/>\n<meta property=\"og:locale\" content=\"es_ES\" \/>\n<meta property=\"og:type\" content=\"article\" \/>\n<meta property=\"og:title\" content=\"Agua mineral natural - Alzola Basque Water\" \/>\n<meta property=\"og:url\" content=\"https:\/\/www.alzola.com\/es\/agua-mineral-natural\/\" \/>\n<meta property=\"og:site_name\" content=\"Alzola Basque Water\" \/>\n<meta property=\"article:publisher\" content=\"https:\/\/www.facebook.com\/alzolabasquewater\/\" \/>\n<meta property=\"article:modified_time\" content=\"2025-03-03T11:10:18+00:00\" \/>\n<meta name=\"twitter:card\" content=\"summary_large_image\" \/>\n<meta name=\"twitter:site\" content=\"@BasqueWater\" \/>\n<meta name=\"twitter:label1\" content=\"Tiempo de lectura\" \/>\n\t<meta name=\"twitter:data1\" content=\"4 minutos\" \/>\n<script type=\"application\/ld+json\" class=\"yoast-schema-graph\">{\"@context\":\"https:\\\/\\\/schema.org\",\"@graph\":[{\"@type\":\"WebPage\",\"@id\":\"https:\\\/\\\/www.alzola.com\\\/es\\\/agua-mineral-natural\\\/\",\"url\":\"https:\\\/\\\/www.alzola.com\\\/es\\\/agua-mineral-natural\\\/\",\"name\":\"Agua mineral natural - Alzola Basque Water\",\"isPartOf\":{\"@id\":\"https:\\\/\\\/www.alzola.com\\\/es\\\/#website\"},\"datePublished\":\"2021-12-16T13:39:34+00:00\",\"dateModified\":\"2025-03-03T11:10:18+00:00\",\"breadcrumb\":{\"@id\":\"https:\\\/\\\/www.alzola.com\\\/es\\\/agua-mineral-natural\\\/#breadcrumb\"},\"inLanguage\":\"es\",\"potentialAction\":[{\"@type\":\"ReadAction\",\"target\":[\"https:\\\/\\\/www.alzola.com\\\/es\\\/agua-mineral-natural\\\/\"]}]},{\"@type\":\"BreadcrumbList\",\"@id\":\"https:\\\/\\\/www.alzola.com\\\/es\\\/agua-mineral-natural\\\/#breadcrumb\",\"itemListElement\":[{\"@type\":\"ListItem\",\"position\":1,\"name\":\"Portada\",\"item\":\"https:\\\/\\\/www.alzola.com\\\/es\\\/\"},{\"@type\":\"ListItem\",\"position\":2,\"name\":\"Agua mineral natural\"}]},{\"@type\":\"WebSite\",\"@id\":\"https:\\\/\\\/www.alzola.com\\\/es\\\/#website\",\"url\":\"https:\\\/\\\/www.alzola.com\\\/es\\\/\",\"name\":\"Alzola Basque Water\",\"description\":\"Agua Mineral Natural desde 1801\",\"publisher\":{\"@id\":\"https:\\\/\\\/www.alzola.com\\\/es\\\/#organization\"},\"potentialAction\":[{\"@type\":\"SearchAction\",\"target\":{\"@type\":\"EntryPoint\",\"urlTemplate\":\"https:\\\/\\\/www.alzola.com\\\/es\\\/?s={search_term_string}\"},\"query-input\":{\"@type\":\"PropertyValueSpecification\",\"valueRequired\":true,\"valueName\":\"search_term_string\"}}],\"inLanguage\":\"es\"},{\"@type\":\"Organization\",\"@id\":\"https:\\\/\\\/www.alzola.com\\\/es\\\/#organization\",\"name\":\"BalenzateguiSA - Alzola Basque Water\",\"url\":\"https:\\\/\\\/www.alzola.com\\\/es\\\/\",\"logo\":{\"@type\":\"ImageObject\",\"inLanguage\":\"es\",\"@id\":\"https:\\\/\\\/www.alzola.com\\\/es\\\/#\\\/schema\\\/logo\\\/image\\\/\",\"url\":\"https:\\\/\\\/www.alzola.com\\\/wp-content\\\/uploads\\\/2013\\\/09\\\/Logo-alzola-baja.png\",\"contentUrl\":\"https:\\\/\\\/www.alzola.com\\\/wp-content\\\/uploads\\\/2013\\\/09\\\/Logo-alzola-baja.png\",\"width\":892,\"height\":600,\"caption\":\"BalenzateguiSA - Alzola Basque Water\"},\"image\":{\"@id\":\"https:\\\/\\\/www.alzola.com\\\/es\\\/#\\\/schema\\\/logo\\\/image\\\/\"},\"sameAs\":[\"https:\\\/\\\/www.facebook.com\\\/alzolabasquewater\\\/\",\"https:\\\/\\\/x.com\\\/BasqueWater\",\"https:\\\/\\\/www.instagram.com\\\/basquewater\\\/\",\"https:\\\/\\\/www.linkedin.com\\\/company\\\/3155611\\\/\",\"https:\\\/\\\/es.pinterest.com\\\/basquewater\\\/\",\"https:\\\/\\\/www.youtube.com\\\/AlzolaBasqueWater\"]}]}<\/script>\n<!-- \/ Yoast SEO plugin. -->","yoast_head_json":{"title":"Agua mineral natural - Alzola Basque Water","robots":{"index":"index","follow":"follow","max-snippet":"max-snippet:-1","max-image-preview":"max-image-preview:large","max-video-preview":"max-video-preview:-1"},"canonical":"https:\/\/www.alzola.com\/es\/agua-mineral-natural\/","og_locale":"es_ES","og_type":"article","og_title":"Agua mineral natural - Alzola Basque Water","og_url":"https:\/\/www.alzola.com\/es\/agua-mineral-natural\/","og_site_name":"Alzola Basque Water","article_publisher":"https:\/\/www.facebook.com\/alzolabasquewater\/","article_modified_time":"2025-03-03T11:10:18+00:00","twitter_card":"summary_large_image","twitter_site":"@BasqueWater","twitter_misc":{"Tiempo de lectura":"4 minutos"},"schema":{"@context":"https:\/\/schema.org","@graph":[{"@type":"WebPage","@id":"https:\/\/www.alzola.com\/es\/agua-mineral-natural\/","url":"https:\/\/www.alzola.com\/es\/agua-mineral-natural\/","name":"Agua mineral natural - Alzola Basque Water","isPartOf":{"@id":"https:\/\/www.alzola.com\/es\/#website"},"datePublished":"2021-12-16T13:39:34+00:00","dateModified":"2025-03-03T11:10:18+00:00","breadcrumb":{"@id":"https:\/\/www.alzola.com\/es\/agua-mineral-natural\/#breadcrumb"},"inLanguage":"es","potentialAction":[{"@type":"ReadAction","target":["https:\/\/www.alzola.com\/es\/agua-mineral-natural\/"]}]},{"@type":"BreadcrumbList","@id":"https:\/\/www.alzola.com\/es\/agua-mineral-natural\/#breadcrumb","itemListElement":[{"@type":"ListItem","position":1,"name":"Portada","item":"https:\/\/www.alzola.com\/es\/"},{"@type":"ListItem","position":2,"name":"Agua mineral natural"}]},{"@type":"WebSite","@id":"https:\/\/www.alzola.com\/es\/#website","url":"https:\/\/www.alzola.com\/es\/","name":"Alzola Basque Water","description":"Agua Mineral Natural desde 1801","publisher":{"@id":"https:\/\/www.alzola.com\/es\/#organization"},"potentialAction":[{"@type":"SearchAction","target":{"@type":"EntryPoint","urlTemplate":"https:\/\/www.alzola.com\/es\/?s={search_term_string}"},"query-input":{"@type":"PropertyValueSpecification","valueRequired":true,"valueName":"search_term_string"}}],"inLanguage":"es"},{"@type":"Organization","@id":"https:\/\/www.alzola.com\/es\/#organization","name":"BalenzateguiSA - Alzola Basque Water","url":"https:\/\/www.alzola.com\/es\/","logo":{"@type":"ImageObject","inLanguage":"es","@id":"https:\/\/www.alzola.com\/es\/#\/schema\/logo\/image\/","url":"https:\/\/www.alzola.com\/wp-content\/uploads\/2013\/09\/Logo-alzola-baja.png","contentUrl":"https:\/\/www.alzola.com\/wp-content\/uploads\/2013\/09\/Logo-alzola-baja.png","width":892,"height":600,"caption":"BalenzateguiSA - Alzola Basque Water"},"image":{"@id":"https:\/\/www.alzola.com\/es\/#\/schema\/logo\/image\/"},"sameAs":["https:\/\/www.facebook.com\/alzolabasquewater\/","https:\/\/x.com\/BasqueWater","https:\/\/www.instagram.com\/basquewater\/","https:\/\/www.linkedin.com\/company\/3155611\/","https:\/\/es.pinterest.com\/basquewater\/","https:\/\/www.youtube.com\/AlzolaBasqueWater"]}]}},"_links":{"self":[{"href":"https:\/\/www.alzola.com\/es\/wp-json\/wp\/v2\/pages\/53168","targetHints":{"allow":["GET"]}}],"collection":[{"href":"https:\/\/www.alzola.com\/es\/wp-json\/wp\/v2\/pages"}],"about":[{"href":"https:\/\/www.alzola.com\/es\/wp-json\/wp\/v2\/types\/page"}],"author":[{"embeddable":true,"href":"https:\/\/www.alzola.com\/es\/wp-json\/wp\/v2\/users\/2"}],"replies":[{"embeddable":true,"href":"https:\/\/www.alzola.com\/es\/wp-json\/wp\/v2\/comments?post=53168"}],"version-history":[{"count":13,"href":"https:\/\/www.alzola.com\/es\/wp-json\/wp\/v2\/pages\/53168\/revisions"}],"predecessor-version":[{"id":55224,"href":"https:\/\/www.alzola.com\/es\/wp-json\/wp\/v2\/pages\/53168\/revisions\/55224"}],"wp:attachment":[{"href":"https:\/\/www.alzola.com\/es\/wp-json\/wp\/v2\/media?parent=53168"}],"curies":[{"name":"wp","href":"https:\/\/api.w.org\/{rel}","templated":true}]}}